{"id":199,"date":"2023-04-03T15:59:45","date_gmt":"2023-04-03T13:59:45","guid":{"rendered":"https:\/\/hautaerztehamburg.de\/?page_id=199"},"modified":"2023-05-29T09:45:18","modified_gmt":"2023-05-29T07:45:18","slug":"laser-2","status":"publish","type":"page","link":"https:\/\/hautaerztehamburg.de\/?page_id=199","title":{"rendered":"Laser"},"content":{"rendered":"\t\t<div data-elementor-type=\"wp-page\" data-elementor-id=\"199\" class=\"elementor elementor-199\" data-elementor-post-type=\"page\">\n\t\t\t\t\t\t<section class=\"elementor-section elementor-top-section elementor-element elementor-element-2ef3630 elementor-section-boxed elementor-section-height-default elementor-section-height-default\" data-id=\"2ef3630\" data-element_type=\"section\" data-e-type=\"section\" data-settings=\"{&quot;jet_parallax_layout_list&quot;:[]}\">\n\t\t\t\t\t\t<div class=\"elementor-container elementor-column-gap-default\">\n\t\t\t\t\t<div class=\"elementor-column elementor-col-100 elementor-top-column elementor-element elementor-element-5f32db20\" data-id=\"5f32db20\" data-element_type=\"column\" data-e-type=\"column\">\n\t\t\t<div class=\"elementor-widget-wrap elementor-element-populated\">\n\t\t\t\t\t\t<div class=\"elementor-element elementor-element-2a7cab40 elementor-widget elementor-widget-heading\" data-id=\"2a7cab40\" data-element_type=\"widget\" data-e-type=\"widget\" data-widget_type=\"heading.default\">\n\t\t\t\t<div class=\"elementor-widget-container\">\n\t\t\t\t\t<h2 class=\"elementor-heading-title elementor-size-default\">Laser<\/h2>\t\t\t\t<\/div>\n\t\t\t\t<\/div>\n\t\t\t\t<div class=\"elementor-element elementor-element-2ef3b11e elementor-widget elementor-widget-text-editor\" data-id=\"2ef3b11e\" data-element_type=\"widget\" data-e-type=\"widget\" data-widget_type=\"text-editor.default\">\n\t\t\t\t<div class=\"elementor-widget-container\">\n\t\t\t\t\t\t\t\t\t<p>Unsere Praxis verwendet zahlreiche Lasersysteme zur Behandlung von:<\/p><ul><li>Alters- und Sonnenflecken, pigmentierte Hautver\u00e4nderungen (Lentigines)<\/li><\/ul><ul><li>aktinische Keratosen (Hautkrebsvorstufen)<\/li><\/ul><ul><li>gutartige Hauttumore<\/li><li>Entfernung unerw\u00fcnschter T\u00e4towierungen sowie Permanent Make-up<\/li><\/ul><ul><li>Blutschw\u00e4mmchen,<span class=\"Apple-converted-space\">\u00a0<\/span><\/li><\/ul><ul><li>geplatzte \u00c4derchen, Feuermale, Besenreiser, Blutschw\u00e4mme<\/li><\/ul><ul><li>vergr\u00f6\u00dferte Talgdr\u00fcsen im Gesicht (Talgdr\u00fcsenhyperplasien)<\/li><li>Fettablagerung im Bereich der Augenlider (Xanthelasmen)<\/li><li>Viruswarzen<\/li><\/ul>\t\t\t\t\t\t\t\t<\/div>\n\t\t\t\t<\/div>\n\t\t\t\t<div class=\"elementor-element elementor-element-8363b7e elementor-widget elementor-widget-button\" data-id=\"8363b7e\" data-element_type=\"widget\" data-e-type=\"widget\" data-widget_type=\"button.default\">\n\t\t\t\t<div class=\"elementor-widget-container\">\n\t\t\t\t\t\t\t\t\t<div class=\"elementor-button-wrapper\">\n\t\t\t\t\t<a class=\"elementor-button elementor-button-link elementor-size-sm\" href=\"https:\/\/hautaerztehamburg.de\/?page_id=227\">\n\t\t\t\t\t\t<span class=\"elementor-button-content-wrapper\">\n\t\t\t\t\t\t\t\t\t<span class=\"elementor-button-text\">zur\u00fcck zur \u00dcbersicht<\/span>\n\t\t\t\t\t<\/span>\n\t\t\t\t\t<\/a>\n\t\t\t\t<\/div>\n\t\t\t\t\t\t\t\t<\/div>\n\t\t\t\t<\/div>\n\t\t\t\t\t<\/div>\n\t\t<\/div>\n\t\t\t\t\t<\/div>\n\t\t<\/section>\n\t\t\t\t<\/div>\n\t\t","protected":false},"excerpt":{"rendered":"<p>Laser Unsere Praxis verwendet zahlreiche Lasersysteme zur Behandlung von: Alters- und Sonnenflecken, pigmentierte Hautver\u00e4nderungen (Lentigines) aktinische Keratosen (Hautkrebsvorstufen) gutartige Hauttumore Entfernung unerw\u00fcnschter T\u00e4towierungen sowie Permanent Make-up Blutschw\u00e4mmchen,\u00a0 geplatzte \u00c4derchen, Feuermale, Besenreiser, Blutschw\u00e4mme vergr\u00f6\u00dferte Talgdr\u00fcsen im Gesicht (Talgdr\u00fcsenhyperplasien) Fettablagerung im Bereich der Augenlider (Xanthelasmen) Viruswarzen zur\u00fcck zur \u00dcbersicht<\/p>\n","protected":false},"author":2,"featured_media":0,"parent":0,"menu_order":0,"comment_status":"closed","ping_status":"closed","template":"","meta":{"footnotes":""},"class_list":["post-199","page","type-page","status-publish","hentry"],"aioseo_notices":[],"_links":{"self":[{"href":"https:\/\/hautaerztehamburg.de\/index.php?rest_route=\/wp\/v2\/pages\/199","targetHints":{"allow":["GET"]}}],"collection":[{"href":"https:\/\/hautaerztehamburg.de\/index.php?rest_route=\/wp\/v2\/pages"}],"about":[{"href":"https:\/\/hautaerztehamburg.de\/index.php?rest_route=\/wp\/v2\/types\/page"}],"author":[{"embeddable":true,"href":"https:\/\/hautaerztehamburg.de\/index.php?rest_route=\/wp\/v2\/users\/2"}],"replies":[{"embeddable":true,"href":"https:\/\/hautaerztehamburg.de\/index.php?rest_route=%2Fwp%2Fv2%2Fcomments&post=199"}],"version-history":[{"count":9,"href":"https:\/\/hautaerztehamburg.de\/index.php?rest_route=\/wp\/v2\/pages\/199\/revisions"}],"predecessor-version":[{"id":451,"href":"https:\/\/hautaerztehamburg.de\/index.php?rest_route=\/wp\/v2\/pages\/199\/revisions\/451"}],"wp:attachment":[{"href":"https:\/\/hautaerztehamburg.de\/index.php?rest_route=%2Fwp%2Fv2%2Fmedia&parent=199"}],"curies":[{"name":"wp","href":"https:\/\/api.w.org\/{rel}","templated":true}]}}